{"id":92,"date":"2025-03-18T12:50:55","date_gmt":"2025-03-18T12:50:55","guid":{"rendered":"https:\/\/www.bikerunandfun.de\/?page_id=92"},"modified":"2025-03-18T12:50:55","modified_gmt":"2025-03-18T12:50:55","slug":"nizza-halbmarathon-2024","status":"publish","type":"page","link":"https:\/\/www.bikerunandfun.de\/?page_id=92","title":{"rendered":"Nizza Halbmarathon 2024"},"content":{"rendered":"\n<p>3. November 2024<\/p>\n\n\n\n<div style=\"height:var(--wp--preset--spacing--50)\" aria-hidden=\"true\" class=\"wp-block-spacer\"><\/div>\n\n\n\n<div class=\"wp-block-group alignwide has-global-padding is-layout-constrained wp-block-group-is-layout-constrained\">\n<h1 class=\"wp-block-heading alignwide has-xx-large-font-size\" style=\"line-height:1.2\">Es ist m\u00f6glich den Halbmarathon in einer Zweier-Staffel zu laufen &#8211; ich entscheide mich f\u00fcr die zweite Strecke mit 100 H\u00f6henmetern von Antibes nach Cannes\u2026<\/h1>\n<\/div>\n\n\n\n<div class=\"wp-block-group alignfull has-global-padding is-layout-constrained wp-container-core-group-is-layout-b25ccd55 wp-block-group-is-layout-constrained\" style=\"margin-top:0;margin-bottom:0;padding-top:var(--wp--preset--spacing--50);padding-right:var(--wp--preset--spacing--50);padding-bottom:var(--wp--preset--spacing--50);padding-left:var(--wp--preset--spacing--50)\">\n<div class=\"wp-block-columns alignwide is-layout-flex wp-container-core-columns-is-layout-ff4b9c61 wp-block-columns-is-layout-flex\" style=\"margin-top:0;margin-bottom:0\">\n<div class=\"wp-block-column is-layout-flow wp-container-core-column-is-layout-8a368f38 wp-block-column-is-layout-flow\">\n<figure class=\"wp-block-image size-large is-style-rounded is-style-rounded--1\"><img fetchpriority=\"high\" decoding=\"async\" width=\"1024\" height=\"887\" src=\"http:\/\/www.bikerunandfun.de\/wp-content\/uploads\/2025\/03\/IMG_4844-1024x887.jpeg\" alt=\"\" class=\"wp-image-94\" style=\"aspect-ratio:4\/3;object-fit:cover\" srcset=\"https:\/\/www.bikerunandfun.de\/wp-content\/uploads\/2025\/03\/IMG_4844-1024x887.jpeg 1024w, https:\/\/www.bikerunandfun.de\/wp-content\/uploads\/2025\/03\/IMG_4844-300x260.jpeg 300w, https:\/\/www.bikerunandfun.de\/wp-content\/uploads\/2025\/03\/IMG_4844-768x665.jpeg 768w, https:\/\/www.bikerunandfun.de\/wp-content\/uploads\/2025\/03\/IMG_4844-1536x1330.jpeg 1536w, https:\/\/www.bikerunandfun.de\/wp-content\/uploads\/2025\/03\/IMG_4844-2048x1774.jpeg 2048w\" sizes=\"(max-width: 1024px) 100vw, 1024px\" \/><\/figure>\n\n\n\n<div style=\"height:var(--wp--preset--spacing--50)\" aria-hidden=\"true\" class=\"wp-block-spacer\"><\/div>\n\n\n\n<div style=\"height:var(--wp--preset--spacing--50)\" aria-hidden=\"true\" class=\"wp-block-spacer\"><\/div>\n\n\n<\/div>\n\n\n\n<div class=\"wp-block-column is-layout-flow wp-container-core-column-is-layout-8a368f38 wp-block-column-is-layout-flow\">\n<div style=\"height:var(--wp--preset--spacing--50)\" aria-hidden=\"true\" class=\"wp-block-spacer\"><\/div>\n\n\n\n<figure class=\"wp-block-image size-large is-style-rounded is-style-rounded--3\"><img decoding=\"async\" width=\"742\" height=\"1024\" src=\"https:\/\/www.bikerunandfun.de\/wp-content\/uploads\/2025\/03\/IMG_4877-742x1024.jpeg\" alt=\"\" class=\"wp-image-95\" style=\"aspect-ratio:3\/4;object-fit:cover\" srcset=\"https:\/\/www.bikerunandfun.de\/wp-content\/uploads\/2025\/03\/IMG_4877-742x1024.jpeg 742w, https:\/\/www.bikerunandfun.de\/wp-content\/uploads\/2025\/03\/IMG_4877-217x300.jpeg 217w, https:\/\/www.bikerunandfun.de\/wp-content\/uploads\/2025\/03\/IMG_4877-768x1060.jpeg 768w, https:\/\/www.bikerunandfun.de\/wp-content\/uploads\/2025\/03\/IMG_4877-1113x1536.jpeg 1113w, https:\/\/www.bikerunandfun.de\/wp-content\/uploads\/2025\/03\/IMG_4877-1484x2048.jpeg 1484w, https:\/\/www.bikerunandfun.de\/wp-content\/uploads\/2025\/03\/IMG_4877-scaled.jpeg 1855w\" sizes=\"(max-width: 742px) 100vw, 742px\" \/><\/figure>\n\n\n\n<div style=\"height:var(--wp--preset--spacing--50)\" aria-hidden=\"true\" class=\"wp-block-spacer\"><\/div>\n\n\n\n\n\n<div style=\"height:var(--wp--preset--spacing--50)\" aria-hidden=\"true\" class=\"wp-block-spacer\"><\/div>\n\n\n<\/div>\n\n\n\n<div class=\"wp-block-column is-layout-flow wp-container-core-column-is-layout-8a368f38 wp-block-column-is-layout-flow\">\n<figure class=\"wp-block-image size-large is-style-rounded is-style-rounded--6\"><img decoding=\"async\" width=\"1024\" height=\"786\" src=\"https:\/\/www.bikerunandfun.de\/wp-content\/uploads\/2025\/03\/IMG_4831-1024x786.jpeg\" alt=\"\" class=\"wp-image-96\" style=\"aspect-ratio:3\/4;object-fit:cover\" srcset=\"https:\/\/www.bikerunandfun.de\/wp-content\/uploads\/2025\/03\/IMG_4831-1024x786.jpeg 1024w, https:\/\/www.bikerunandfun.de\/wp-content\/uploads\/2025\/03\/IMG_4831-300x230.jpeg 300w, https:\/\/www.bikerunandfun.de\/wp-content\/uploads\/2025\/03\/IMG_4831-768x589.jpeg 768w, https:\/\/www.bikerunandfun.de\/wp-content\/uploads\/2025\/03\/IMG_4831-1536x1179.jpeg 1536w, https:\/\/www.bikerunandfun.de\/wp-content\/uploads\/2025\/03\/IMG_4831-2048x1572.jpeg 2048w\" sizes=\"(max-width: 1024px) 100vw, 1024px\" \/><\/figure>\n\n\n\n<div style=\"height:var(--wp--preset--spacing--50)\" aria-hidden=\"true\" class=\"wp-block-spacer\"><\/div>\n\n\n\n\n\n<div style=\"height:var(--wp--preset--spacing--50)\" aria-hidden=\"true\" class=\"wp-block-spacer\"><\/div>\n\n\n<\/div>\n\n\n\n<div class=\"wp-block-column is-layout-flow wp-container-core-column-is-layout-8a368f38 wp-block-column-is-layout-flow\">\n<div style=\"height:var(--wp--preset--spacing--50)\" aria-hidden=\"true\" class=\"wp-block-spacer\"><\/div>\n\n\n\n<figure class=\"wp-block-image size-large is-style-rounded is-style-rounded--9\"><img loading=\"lazy\" decoding=\"async\" width=\"768\" height=\"1024\" src=\"https:\/\/www.bikerunandfun.de\/wp-content\/uploads\/2025\/03\/IMG_4851-768x1024.jpeg\" alt=\"\" class=\"wp-image-98\" style=\"aspect-ratio:1;object-fit:cover\" srcset=\"https:\/\/www.bikerunandfun.de\/wp-content\/uploads\/2025\/03\/IMG_4851-768x1024.jpeg 768w, https:\/\/www.bikerunandfun.de\/wp-content\/uploads\/2025\/03\/IMG_4851-225x300.jpeg 225w, https:\/\/www.bikerunandfun.de\/wp-content\/uploads\/2025\/03\/IMG_4851-1152x1536.jpeg 1152w, https:\/\/www.bikerunandfun.de\/wp-content\/uploads\/2025\/03\/IMG_4851-1536x2048.jpeg 1536w, https:\/\/www.bikerunandfun.de\/wp-content\/uploads\/2025\/03\/IMG_4851-scaled.jpeg 1920w\" sizes=\"(max-width: 768px) 100vw, 768px\" \/><\/figure>\n\n\n\n<div style=\"height:var(--wp--preset--spacing--50)\" aria-hidden=\"true\" class=\"wp-block-spacer\"><\/div>\n\n\n\n\n\n<div style=\"height:var(--wp--preset--spacing--50)\" aria-hidden=\"true\" class=\"wp-block-spacer\"><\/div>\n\n\n<\/div>\n<\/div>\n<\/div>\n","protected":false},"excerpt":{"rendered":"<p>3. November 2024 Es ist m\u00f6glich den Halbmarathon in einer Zweier-Staffel zu laufen &#8211; ich entscheide mich f\u00fcr die zweite Strecke mit 100 H\u00f6henmetern von Antibes nach Cannes\u2026<\/p>\n","protected":false},"author":1,"featured_media":0,"parent":0,"menu_order":0,"comment_status":"closed","ping_status":"closed","template":"","meta":{"footnotes":""},"class_list":["post-92","page","type-page","status-publish","hentry"],"_links":{"self":[{"href":"https:\/\/www.bikerunandfun.de\/index.php?rest_route=\/wp\/v2\/pages\/92","targetHints":{"allow":["GET"]}}],"collection":[{"href":"https:\/\/www.bikerunandfun.de\/index.php?rest_route=\/wp\/v2\/pages"}],"about":[{"href":"https:\/\/www.bikerunandfun.de\/index.php?rest_route=\/wp\/v2\/types\/page"}],"author":[{"embeddable":true,"href":"https:\/\/www.bikerunandfun.de\/index.php?rest_route=\/wp\/v2\/users\/1"}],"replies":[{"embeddable":true,"href":"https:\/\/www.bikerunandfun.de\/index.php?rest_route=%2Fwp%2Fv2%2Fcomments&post=92"}],"version-history":[{"count":1,"href":"https:\/\/www.bikerunandfun.de\/index.php?rest_route=\/wp\/v2\/pages\/92\/revisions"}],"predecessor-version":[{"id":99,"href":"https:\/\/www.bikerunandfun.de\/index.php?rest_route=\/wp\/v2\/pages\/92\/revisions\/99"}],"wp:attachment":[{"href":"https:\/\/www.bikerunandfun.de\/index.php?rest_route=%2Fwp%2Fv2%2Fmedia&parent=92"}],"curies":[{"name":"wp","href":"https:\/\/api.w.org\/{rel}","templated":true}]}}