{"id":129,"date":"2025-06-12T10:47:20","date_gmt":"2025-06-12T10:47:20","guid":{"rendered":"https:\/\/www.bikerunandfun.de\/?page_id=129"},"modified":"2025-06-12T10:47:20","modified_gmt":"2025-06-12T10:47:20","slug":"ostern-2025","status":"publish","type":"page","link":"https:\/\/www.bikerunandfun.de\/?page_id=129","title":{"rendered":"Ostern 2025"},"content":{"rendered":"\n<figure class=\"wp-block-image size-large\"><img fetchpriority=\"high\" decoding=\"async\" width=\"1024\" height=\"768\" src=\"http:\/\/www.bikerunandfun.de\/wp-content\/uploads\/2025\/04\/IMG_7265-1024x768.jpeg\" alt=\"\" class=\"wp-image-110\" srcset=\"https:\/\/www.bikerunandfun.de\/wp-content\/uploads\/2025\/04\/IMG_7265-1024x768.jpeg 1024w, https:\/\/www.bikerunandfun.de\/wp-content\/uploads\/2025\/04\/IMG_7265-300x225.jpeg 300w, https:\/\/www.bikerunandfun.de\/wp-content\/uploads\/2025\/04\/IMG_7265-768x576.jpeg 768w, https:\/\/www.bikerunandfun.de\/wp-content\/uploads\/2025\/04\/IMG_7265-1536x1152.jpeg 1536w, https:\/\/www.bikerunandfun.de\/wp-content\/uploads\/2025\/04\/IMG_7265-2048x1536.jpeg 2048w\" sizes=\"(max-width: 1024px) 100vw, 1024px\" \/><\/figure>\n\n\n\n<p>Mit dem Zug geht es zun\u00e4chst von M\u00fcnchen nach Memmingen. Obwohl es m\u00f6glich ist Fahrradstellpl\u00e4tze zu reservieren, sind die Pl\u00e4tze mit Koffern und Kinderwagen belegt. Die Schaffnerin macht uns darauf aufmerksam, dass es nicht erlaubt ist, die Fahrr\u00e4der in dem Gang abzustellen, wir m\u00fcssen die gebuchten Pl\u00e4tze einnehmen. Auf die Frage hin, wem die Koffer geh\u00f6ren, meldet sich niemand. Zwei junge Frauen helfen uns die Koffer wegzur\u00e4umen, ihnen geh\u00f6ren die Kinderwagen. Sp\u00e4ter stellen wir fest, dass die jungen Frauen unsere Sitzpl\u00e4tze belegen und gar nicht reserviert haben, sich aber ausgiebig \u00fcber den Platzmangel beschweren. Weil sie geholfen haben, die Koffer wegzur\u00e4umen, \u00fcberlassen wir ihnen unseren Sitzplatz. <\/p>\n","protected":false},"excerpt":{"rendered":"<p>Mit dem Zug geht es zun\u00e4chst von M\u00fcnchen nach Memmingen. Obwohl es m\u00f6glich ist Fahrradstellpl\u00e4tze zu reservieren, sind die Pl\u00e4tze mit Koffern und Kinderwagen belegt. Die Schaffnerin macht uns darauf aufmerksam, dass es nicht erlaubt ist, die Fahrr\u00e4der in dem Gang abzustellen, wir m\u00fcssen die gebuchten Pl\u00e4tze einnehmen. Auf die Frage hin, wem die Koffer [&hellip;]<\/p>\n","protected":false},"author":1,"featured_media":0,"parent":0,"menu_order":0,"comment_status":"closed","ping_status":"closed","template":"","meta":{"footnotes":""},"class_list":["post-129","page","type-page","status-publish","hentry"],"_links":{"self":[{"href":"https:\/\/www.bikerunandfun.de\/index.php?rest_route=\/wp\/v2\/pages\/129","targetHints":{"allow":["GET"]}}],"collection":[{"href":"https:\/\/www.bikerunandfun.de\/index.php?rest_route=\/wp\/v2\/pages"}],"about":[{"href":"https:\/\/www.bikerunandfun.de\/index.php?rest_route=\/wp\/v2\/types\/page"}],"author":[{"embeddable":true,"href":"https:\/\/www.bikerunandfun.de\/index.php?rest_route=\/wp\/v2\/users\/1"}],"replies":[{"embeddable":true,"href":"https:\/\/www.bikerunandfun.de\/index.php?rest_route=%2Fwp%2Fv2%2Fcomments&post=129"}],"version-history":[{"count":1,"href":"https:\/\/www.bikerunandfun.de\/index.php?rest_route=\/wp\/v2\/pages\/129\/revisions"}],"predecessor-version":[{"id":130,"href":"https:\/\/www.bikerunandfun.de\/index.php?rest_route=\/wp\/v2\/pages\/129\/revisions\/130"}],"wp:attachment":[{"href":"https:\/\/www.bikerunandfun.de\/index.php?rest_route=%2Fwp%2Fv2%2Fmedia&parent=129"}],"curies":[{"name":"wp","href":"https:\/\/api.w.org\/{rel}","templated":true}]}}