{"id":121,"date":"2025-04-27T09:39:44","date_gmt":"2025-04-27T09:39:44","guid":{"rendered":"https:\/\/www.bikerunandfun.de\/?page_id=121"},"modified":"2025-04-28T18:01:43","modified_gmt":"2025-04-28T18:01:43","slug":"meine-person","status":"publish","type":"page","link":"https:\/\/www.bikerunandfun.de\/?page_id=121","title":{"rendered":"Meine Person"},"content":{"rendered":"\n<p>Ich fahre seit meinem zehnten Lebensjahr leidenschaftlich Rad. Das Radfahren gibt mir ein Gef\u00fchl von Freiheit. Ich f\u00fchle mich autark. Damals kaufte ich mir von meinem Kommunionsgeld ein gr\u00fcnes Hanseatic Klapprad aus einem Katalog des Otto-Versand, f\u00fcr 160 DM. Das Rad war weder gel\u00e4ndeg\u00e4ngig noch hatte es eine Schaltung, doch ich erinnere mich ich bin damit oft gefahren. Manchmal Strecken bis zu 70 km. Wenn ich den Berg nicht hoch kam, hab ich geschoben. Sp\u00e4ter folgte ein so genanntes Mountainbike der Firma Schauff. Das Rad hat etwas unter 1000 DM gekostet und war alles andere als Mountain tauglich. Es bestand aus Chrom Molybd\u00e4n und war ziemlich schwer. Ein Fahrrad f\u00fcr knapp 1000 DM zu kaufen, war viel Geld und es blieb kein Geld mehr \u00fcbrig f\u00fcr Equipment. Ich besa\u00df eine einzige Radhose mit Ledereinsatz, die noch eingefettet werden musste. Mich haben sportliche Herausforderung wenig interessiert. Ich wollte einfach von A nach B kommen und ich wollte etwas erleben die Natur genie\u00dfen. Es folgten erste gr\u00f6\u00dfere Touren mit Zelt und Gep\u00e4ck. Mit dem Rad fuhr im Westerwald, am Rhein entlang, im Allg\u00e4u, in Schweden, auf Mallorca. Es blieb mir sehr lange treu. Irgendwann wollte ich ein neues Rad. Bei einem kleinen exklusiven Radladen kaufte ich gegen meinen Verstand und rein aus dem Bauch heraus ein feuerrotes Klein Attitude mit XT Schaltung. Es war Liebe auf den ersten Blick. Das musste es sein, obwohl meine Kaufabsicht eine g\u00e4nzlich andere war. Ich wollte ein Rad mit Gep\u00e4cktr\u00e4ger und das hatte nat\u00fcrlich keinen\u2026<\/p>\n","protected":false},"excerpt":{"rendered":"<p>Ich fahre seit meinem zehnten Lebensjahr leidenschaftlich Rad. Das Radfahren gibt mir ein Gef\u00fchl von Freiheit. Ich f\u00fchle mich autark. Damals kaufte ich mir von meinem Kommunionsgeld ein gr\u00fcnes Hanseatic Klapprad aus einem Katalog des Otto-Versand, f\u00fcr 160 DM. Das Rad war weder gel\u00e4ndeg\u00e4ngig noch hatte es eine Schaltung, doch ich erinnere mich ich bin [&hellip;]<\/p>\n","protected":false},"author":1,"featured_media":0,"parent":0,"menu_order":0,"comment_status":"closed","ping_status":"closed","template":"","meta":{"footnotes":""},"class_list":["post-121","page","type-page","status-publish","hentry"],"_links":{"self":[{"href":"https:\/\/www.bikerunandfun.de\/index.php?rest_route=\/wp\/v2\/pages\/121","targetHints":{"allow":["GET"]}}],"collection":[{"href":"https:\/\/www.bikerunandfun.de\/index.php?rest_route=\/wp\/v2\/pages"}],"about":[{"href":"https:\/\/www.bikerunandfun.de\/index.php?rest_route=\/wp\/v2\/types\/page"}],"author":[{"embeddable":true,"href":"https:\/\/www.bikerunandfun.de\/index.php?rest_route=\/wp\/v2\/users\/1"}],"replies":[{"embeddable":true,"href":"https:\/\/www.bikerunandfun.de\/index.php?rest_route=%2Fwp%2Fv2%2Fcomments&post=121"}],"version-history":[{"count":5,"href":"https:\/\/www.bikerunandfun.de\/index.php?rest_route=\/wp\/v2\/pages\/121\/revisions"}],"predecessor-version":[{"id":128,"href":"https:\/\/www.bikerunandfun.de\/index.php?rest_route=\/wp\/v2\/pages\/121\/revisions\/128"}],"wp:attachment":[{"href":"https:\/\/www.bikerunandfun.de\/index.php?rest_route=%2Fwp%2Fv2%2Fmedia&parent=121"}],"curies":[{"name":"wp","href":"https:\/\/api.w.org\/{rel}","templated":true}]}}